{"id":11052,"date":"2024-09-27T17:03:41","date_gmt":"2024-09-27T20:03:41","guid":{"rendered":"https:\/\/jrsport.com.br\/?page_id=11052"},"modified":"2025-11-09T20:04:27","modified_gmt":"2025-11-09T23:04:27","slug":"daniel-araujo","status":"publish","type":"page","link":"https:\/\/jrsport.com.br\/en\/daniel-araujo\/","title":{"rendered":"Daniel Ara\u00fajo"},"content":{"rendered":"\t\t<div data-elementor-type=\"wp-post\" data-elementor-id=\"11052\" class=\"elementor elementor-11052\" data-elementor-post-type=\"page\">\n\t\t\t\t\t\t<section class=\"elementor-section elementor-top-section elementor-element elementor-element-1d7d310 elementor-section-boxed elementor-section-height-default elementor-section-height-default\" data-id=\"1d7d310\" data-element_type=\"section\" data-e-type=\"section\">\n\t\t\t\t\t\t<div class=\"elementor-container elementor-column-gap-default\">\n\t\t\t\t\t<div class=\"elementor-column elementor-col-100 elementor-top-column elementor-element elementor-element-56d7865\" data-id=\"56d7865\" data-element_type=\"column\" data-e-type=\"column\">\n\t\t\t<div class=\"elementor-widget-wrap elementor-element-populated\">\n\t\t\t\t\t\t<div class=\"elementor-element elementor-element-5468ee3 elementor-widget elementor-widget-heading\" data-id=\"5468ee3\" data-element_type=\"widget\" data-e-type=\"widget\" data-widget_type=\"heading.default\">\n\t\t\t\t<div class=\"elementor-widget-container\">\n\t\t\t\t\t<h2 class=\"elementor-heading-title elementor-size-default\">PERSONAL DATA <\/h2>\t\t\t\t<\/div>\n\t\t\t\t<\/div>\n\t\t\t\t\t<\/div>\n\t\t<\/div>\n\t\t\t\t\t<\/div>\n\t\t<\/section>\n\t\t\t\t<section class=\"elementor-section elementor-top-section elementor-element elementor-element-fdb615e elementor-section-boxed elementor-section-height-default elementor-section-height-default\" data-id=\"fdb615e\" data-element_type=\"section\" data-e-type=\"section\">\n\t\t\t\t\t\t<div class=\"elementor-container elementor-column-gap-default\">\n\t\t\t\t\t<div class=\"elementor-column elementor-col-50 elementor-top-column elementor-element elementor-element-2705a8d\" data-id=\"2705a8d\" data-element_type=\"column\" data-e-type=\"column\">\n\t\t\t<div class=\"elementor-widget-wrap elementor-element-populated\">\n\t\t\t\t\t\t<div class=\"elementor-element elementor-element-6c78677 elementor-widget elementor-widget-image\" data-id=\"6c78677\" data-element_type=\"widget\" data-e-type=\"widget\" data-widget_type=\"image.default\">\n\t\t\t\t<div class=\"elementor-widget-container\">\n\t\t\t\t\t\t\t\t\t\t\t\t\t\t\t<img fetchpriority=\"high\" decoding=\"async\" width=\"200\" height=\"300\" src=\"https:\/\/jrsport.com.br\/wp-content\/uploads\/2025\/11\/WhatsApp-Image-2025-08-28-at-13.04.42-200x300.jpeg\" class=\"attachment-medium size-medium wp-image-11574\" alt=\"\" srcset=\"https:\/\/jrsport.com.br\/wp-content\/uploads\/2025\/11\/WhatsApp-Image-2025-08-28-at-13.04.42-200x300.jpeg 200w, https:\/\/jrsport.com.br\/wp-content\/uploads\/2025\/11\/WhatsApp-Image-2025-08-28-at-13.04.42-683x1024.jpeg 683w, https:\/\/jrsport.com.br\/wp-content\/uploads\/2025\/11\/WhatsApp-Image-2025-08-28-at-13.04.42-768x1152.jpeg 768w, https:\/\/jrsport.com.br\/wp-content\/uploads\/2025\/11\/WhatsApp-Image-2025-08-28-at-13.04.42-1024x1536.jpeg 1024w, https:\/\/jrsport.com.br\/wp-content\/uploads\/2025\/11\/WhatsApp-Image-2025-08-28-at-13.04.42-1366x2048.jpeg 1366w, https:\/\/jrsport.com.br\/wp-content\/uploads\/2025\/11\/WhatsApp-Image-2025-08-28-at-13.04.42-scaled.jpeg 1707w\" sizes=\"(max-width: 200px) 100vw, 200px\" \/>\t\t\t\t\t\t\t\t\t\t\t\t\t\t\t<\/div>\n\t\t\t\t<\/div>\n\t\t\t\t\t<\/div>\n\t\t<\/div>\n\t\t\t\t<div class=\"elementor-column elementor-col-50 elementor-top-column elementor-element elementor-element-2a0372b\" data-id=\"2a0372b\" data-element_type=\"column\" data-e-type=\"column\">\n\t\t\t<div class=\"elementor-widget-wrap elementor-element-populated\">\n\t\t\t\t\t\t<div class=\"elementor-element elementor-element-f21b85b elementor-widget elementor-widget-text-editor\" data-id=\"f21b85b\" data-element_type=\"widget\" data-e-type=\"widget\" data-widget_type=\"text-editor.default\">\n\t\t\t\t<div class=\"elementor-widget-container\">\n\t\t\t\t\t\t\t\t\t<h3><strong>Name:<\/strong> Daniel Ara\u00fajo<\/h3><h3><strong>Nickname: <\/strong>Ara\u00fajo<\/h3><h3><strong>Date of birth:<\/strong> 12\/09\/1998 \u2013 Brazil<\/h3><h3><strong>Position:<\/strong> wing<\/h3><h3><strong>Passport:<\/strong> brazilian &#8211; italian<\/h3><h3><strong>Height:<\/strong> 1,75 m<\/h3><h3><strong>Weight:<\/strong> 71 kg\u00a0<\/h3><h3><strong>Foot:<\/strong> left<\/h3>\t\t\t\t\t\t\t\t<\/div>\n\t\t\t\t<\/div>\n\t\t\t\t\t<\/div>\n\t\t<\/div>\n\t\t\t\t\t<\/div>\n\t\t<\/section>\n\t\t\t\t<section class=\"elementor-section elementor-top-section elementor-element elementor-element-8c94159 elementor-section-boxed elementor-section-height-default elementor-section-height-default\" data-id=\"8c94159\" data-element_type=\"section\" data-e-type=\"section\">\n\t\t\t\t\t\t<div class=\"elementor-container elementor-column-gap-default\">\n\t\t\t\t\t<div class=\"elementor-column elementor-col-100 elementor-top-column elementor-element elementor-element-b299ae7\" data-id=\"b299ae7\" data-element_type=\"column\" data-e-type=\"column\">\n\t\t\t<div class=\"elementor-widget-wrap elementor-element-populated\">\n\t\t\t\t\t\t<div class=\"elementor-element elementor-element-0c5d8a7 elementor-widget elementor-widget-heading\" data-id=\"0c5d8a7\" data-element_type=\"widget\" data-e-type=\"widget\" data-widget_type=\"heading.default\">\n\t\t\t\t<div class=\"elementor-widget-container\">\n\t\t\t\t\t<h2 class=\"elementor-heading-title elementor-size-default\">CAREER<\/h2>\t\t\t\t<\/div>\n\t\t\t\t<\/div>\n\t\t\t\t\t<\/div>\n\t\t<\/div>\n\t\t\t\t\t<\/div>\n\t\t<\/section>\n\t\t\t\t<section class=\"elementor-section elementor-top-section elementor-element elementor-element-efc2f2f elementor-section-boxed elementor-section-height-default elementor-section-height-default\" data-id=\"efc2f2f\" data-element_type=\"section\" data-e-type=\"section\">\n\t\t\t\t\t\t<div class=\"elementor-container elementor-column-gap-default\">\n\t\t\t\t\t<div class=\"elementor-column elementor-col-100 elementor-top-column elementor-element elementor-element-d43f093\" data-id=\"d43f093\" data-element_type=\"column\" data-e-type=\"column\">\n\t\t\t<div class=\"elementor-widget-wrap elementor-element-populated\">\n\t\t\t\t\t\t<div class=\"elementor-element elementor-element-194eac4 elementor-widget elementor-widget-text-editor\" data-id=\"194eac4\" data-element_type=\"widget\" data-e-type=\"widget\" data-widget_type=\"text-editor.default\">\n\t\t\t\t<div class=\"elementor-widget-container\">\n\t\t\t\t\t\t\t\t\t<h4>2025\/26 Piast Gliwice Futsal (POL)<\/h4><h4>2024\/25 Itria Footbal Club (ITA)<\/h4><h4>2024 Itria Footbal Club (ITA)<\/h4><h4>2022\/23 Citt\u00e0 Di Anzio (ITA)<\/h4><h4>2020\/21 Itria Footbal Club (ITA)<\/h4><h4>2019\/20 Itria Footbal Club (ITA)<\/h4><h4><strong>2018\/19 <\/strong>Itria Footbal Club (ITA)<\/h4><h4>2017\/18 Futsal Cisternino (ITA)<\/h4><h4><strong>2016 Magnus Futsal U20 (BRA)<\/strong><\/h4><h4><strong>2015 Tabo\u00e3o da Serra U20 (BRA)<\/strong><\/h4>\t\t\t\t\t\t\t\t<\/div>\n\t\t\t\t<\/div>\n\t\t\t\t\t<\/div>\n\t\t<\/div>\n\t\t\t\t\t<\/div>\n\t\t<\/section>\n\t\t\t\t<section class=\"elementor-section elementor-top-section elementor-element elementor-element-bf84ae2 elementor-section-boxed elementor-section-height-default elementor-section-height-default\" data-id=\"bf84ae2\" data-element_type=\"section\" data-e-type=\"section\">\n\t\t\t\t\t\t<div class=\"elementor-container elementor-column-gap-default\">\n\t\t\t\t\t<div class=\"elementor-column elementor-col-100 elementor-top-column elementor-element elementor-element-b67d328\" data-id=\"b67d328\" data-element_type=\"column\" data-e-type=\"column\">\n\t\t\t<div class=\"elementor-widget-wrap elementor-element-populated\">\n\t\t\t\t\t\t<div class=\"elementor-element elementor-element-7d77cc2 elementor-widget elementor-widget-video\" data-id=\"7d77cc2\" data-element_type=\"widget\" data-e-type=\"widget\" data-settings=\"{&quot;youtube_url&quot;:&quot;https:\\\/\\\/youtu.be\\\/E6rDJS-2F9g&quot;,&quot;video_type&quot;:&quot;youtube&quot;,&quot;controls&quot;:&quot;yes&quot;}\" data-widget_type=\"video.default\">\n\t\t\t\t<div class=\"elementor-widget-container\">\n\t\t\t\t\t\t\t<div class=\"elementor-wrapper elementor-open-inline\">\n\t\t\t<div class=\"elementor-video\"><\/div>\t\t<\/div>\n\t\t\t\t\t\t<\/div>\n\t\t\t\t<\/div>\n\t\t\t\t\t<\/div>\n\t\t<\/div>\n\t\t\t\t\t<\/div>\n\t\t<\/section>\n\t\t\t\t<\/div>\n\t\t","protected":false},"excerpt":{"rendered":"<p>PERSONAL DATA Name: Daniel Ara\u00fajo Nickname: Ara\u00fajo Date of birth: 12\/09\/1998 \u2013 Brazil Position: wing Passport: brazilian &#8211; italian Height: 1,75 m Weight: 71 kg\u00a0 Foot: left CAREER 2025\/26 Piast Gliwice Futsal (POL) 2024\/25 Itria Footbal Club (ITA) 2024 Itria Footbal Club (ITA) 2022\/23 Citt\u00e0 Di Anzio (ITA) 2020\/21 Itria Footbal Club (ITA) 2019\/20 Itria [&hellip;]<\/p>\n","protected":false},"author":1,"featured_media":0,"parent":0,"menu_order":0,"comment_status":"closed","ping_status":"closed","template":"elementor_header_footer","meta":{"om_disable_all_campaigns":false,"_monsterinsights_skip_tracking":false,"_monsterinsights_sitenote_active":false,"_monsterinsights_sitenote_note":"","_monsterinsights_sitenote_category":0,"footnotes":""},"class_list":["post-11052","page","type-page","status-publish","hentry","entry"],"yoast_head":"<!-- This site is optimized with the Yoast SEO plugin v27.5 - https:\/\/yoast.com\/product\/yoast-seo-wordpress\/ -->\n<title>Daniel Ara\u00fajo - JR Sport<\/title>\n<meta name=\"robots\" content=\"index, follow, max-snippet:-1, max-image-preview:large, max-video-preview:-1\" \/>\n<link rel=\"canonical\" href=\"https:\/\/jrsport.com.br\/en\/daniel-araujo\/\" \/>\n<meta property=\"og:locale\" content=\"en_US\" \/>\n<meta property=\"og:type\" content=\"article\" \/>\n<meta property=\"og:title\" content=\"Daniel Ara\u00fajo - JR Sport\" \/>\n<meta property=\"og:description\" content=\"PERSONAL DATA Name: Daniel Ara\u00fajo Nickname: Ara\u00fajo Date of birth: 12\/09\/1998 \u2013 Brazil Position: wing Passport: brazilian &#8211; italian Height: 1,75 m Weight: 71 kg\u00a0 Foot: left CAREER 2025\/26 Piast Gliwice Futsal (POL) 2024\/25 Itria Footbal Club (ITA) 2024 Itria Footbal Club (ITA) 2022\/23 Citt\u00e0 Di Anzio (ITA) 2020\/21 Itria Footbal Club (ITA) 2019\/20 Itria [&hellip;]\" \/>\n<meta property=\"og:url\" content=\"https:\/\/jrsport.com.br\/en\/daniel-araujo\/\" \/>\n<meta property=\"og:site_name\" content=\"JR Sport\" \/>\n<meta property=\"article:publisher\" content=\"https:\/\/www.facebook.com\/jrsportjr\/\" \/>\n<meta property=\"article:modified_time\" content=\"2025-11-09T23:04:27+00:00\" \/>\n<meta property=\"og:image\" content=\"http:\/\/jrsport.com.br\/wp-content\/uploads\/2025\/11\/WhatsApp-Image-2025-08-28-at-13.04.42-200x300.jpeg\" \/>\n<meta name=\"twitter:card\" content=\"summary_large_image\" \/>\n<meta name=\"twitter:site\" content=\"@JRSportJR\" \/>\n<meta name=\"twitter:label1\" content=\"Est. reading time\" \/>\n\t<meta name=\"twitter:data1\" content=\"1 minute\" \/>\n<script type=\"application\/ld+json\" class=\"yoast-schema-graph\">{\"@context\":\"https:\\\/\\\/schema.org\",\"@graph\":[{\"@type\":\"WebPage\",\"@id\":\"https:\\\/\\\/jrsport.com.br\\\/en\\\/daniel-araujo\\\/\",\"url\":\"https:\\\/\\\/jrsport.com.br\\\/en\\\/daniel-araujo\\\/\",\"name\":\"Daniel Ara\u00fajo - JR Sport\",\"isPartOf\":{\"@id\":\"https:\\\/\\\/jrsport.com.br\\\/#website\"},\"primaryImageOfPage\":{\"@id\":\"https:\\\/\\\/jrsport.com.br\\\/en\\\/daniel-araujo\\\/#primaryimage\"},\"image\":{\"@id\":\"https:\\\/\\\/jrsport.com.br\\\/en\\\/daniel-araujo\\\/#primaryimage\"},\"thumbnailUrl\":\"http:\\\/\\\/jrsport.com.br\\\/wp-content\\\/uploads\\\/2025\\\/11\\\/WhatsApp-Image-2025-08-28-at-13.04.42-200x300.jpeg\",\"datePublished\":\"2024-09-27T20:03:41+00:00\",\"dateModified\":\"2025-11-09T23:04:27+00:00\",\"breadcrumb\":{\"@id\":\"https:\\\/\\\/jrsport.com.br\\\/en\\\/daniel-araujo\\\/#breadcrumb\"},\"inLanguage\":\"en-US\",\"potentialAction\":[{\"@type\":\"ReadAction\",\"target\":[\"https:\\\/\\\/jrsport.com.br\\\/en\\\/daniel-araujo\\\/\"]}]},{\"@type\":\"ImageObject\",\"inLanguage\":\"en-US\",\"@id\":\"https:\\\/\\\/jrsport.com.br\\\/en\\\/daniel-araujo\\\/#primaryimage\",\"url\":\"http:\\\/\\\/jrsport.com.br\\\/wp-content\\\/uploads\\\/2025\\\/11\\\/WhatsApp-Image-2025-08-28-at-13.04.42-200x300.jpeg\",\"contentUrl\":\"http:\\\/\\\/jrsport.com.br\\\/wp-content\\\/uploads\\\/2025\\\/11\\\/WhatsApp-Image-2025-08-28-at-13.04.42-200x300.jpeg\"},{\"@type\":\"BreadcrumbList\",\"@id\":\"https:\\\/\\\/jrsport.com.br\\\/en\\\/daniel-araujo\\\/#breadcrumb\",\"itemListElement\":[{\"@type\":\"ListItem\",\"position\":1,\"name\":\"In\u00edcio\",\"item\":\"https:\\\/\\\/jrsport.com.br\\\/en\\\/\"},{\"@type\":\"ListItem\",\"position\":2,\"name\":\"Daniel Ara\u00fajo\"}]},{\"@type\":\"WebSite\",\"@id\":\"https:\\\/\\\/jrsport.com.br\\\/#website\",\"url\":\"https:\\\/\\\/jrsport.com.br\\\/\",\"name\":\"JR Sport\",\"description\":\"Management\",\"publisher\":{\"@id\":\"https:\\\/\\\/jrsport.com.br\\\/#organization\"},\"potentialAction\":[{\"@type\":\"SearchAction\",\"target\":{\"@type\":\"EntryPoint\",\"urlTemplate\":\"https:\\\/\\\/jrsport.com.br\\\/?s={search_term_string}\"},\"query-input\":{\"@type\":\"PropertyValueSpecification\",\"valueRequired\":true,\"valueName\":\"search_term_string\"}}],\"inLanguage\":\"en-US\"},{\"@type\":\"Organization\",\"@id\":\"https:\\\/\\\/jrsport.com.br\\\/#organization\",\"name\":\"JR Sport\",\"url\":\"https:\\\/\\\/jrsport.com.br\\\/\",\"logo\":{\"@type\":\"ImageObject\",\"inLanguage\":\"en-US\",\"@id\":\"https:\\\/\\\/jrsport.com.br\\\/#\\\/schema\\\/logo\\\/image\\\/\",\"url\":\"https:\\\/\\\/jrsport.com.br\\\/wp-content\\\/uploads\\\/2020\\\/07\\\/contorno-preto.png\",\"contentUrl\":\"https:\\\/\\\/jrsport.com.br\\\/wp-content\\\/uploads\\\/2020\\\/07\\\/contorno-preto.png\",\"width\":2064,\"height\":648,\"caption\":\"JR Sport\"},\"image\":{\"@id\":\"https:\\\/\\\/jrsport.com.br\\\/#\\\/schema\\\/logo\\\/image\\\/\"},\"sameAs\":[\"https:\\\/\\\/www.facebook.com\\\/jrsportjr\\\/\",\"https:\\\/\\\/x.com\\\/JRSportJR\",\"https:\\\/\\\/www.instagram.com\\\/jrsport_\\\/\",\"https:\\\/\\\/www.youtube.com\\\/jrsportjr\"]}]}<\/script>\n<!-- \/ Yoast SEO plugin. -->","yoast_head_json":{"title":"Daniel Ara\u00fajo - JR Sport","robots":{"index":"index","follow":"follow","max-snippet":"max-snippet:-1","max-image-preview":"max-image-preview:large","max-video-preview":"max-video-preview:-1"},"canonical":"https:\/\/jrsport.com.br\/en\/daniel-araujo\/","og_locale":"en_US","og_type":"article","og_title":"Daniel Ara\u00fajo - JR Sport","og_description":"PERSONAL DATA Name: Daniel Ara\u00fajo Nickname: Ara\u00fajo Date of birth: 12\/09\/1998 \u2013 Brazil Position: wing Passport: brazilian &#8211; italian Height: 1,75 m Weight: 71 kg\u00a0 Foot: left CAREER 2025\/26 Piast Gliwice Futsal (POL) 2024\/25 Itria Footbal Club (ITA) 2024 Itria Footbal Club (ITA) 2022\/23 Citt\u00e0 Di Anzio (ITA) 2020\/21 Itria Footbal Club (ITA) 2019\/20 Itria [&hellip;]","og_url":"https:\/\/jrsport.com.br\/en\/daniel-araujo\/","og_site_name":"JR Sport","article_publisher":"https:\/\/www.facebook.com\/jrsportjr\/","article_modified_time":"2025-11-09T23:04:27+00:00","og_image":[{"url":"http:\/\/jrsport.com.br\/wp-content\/uploads\/2025\/11\/WhatsApp-Image-2025-08-28-at-13.04.42-200x300.jpeg","type":"","width":"","height":""}],"twitter_card":"summary_large_image","twitter_site":"@JRSportJR","twitter_misc":{"Est. reading time":"1 minute"},"schema":{"@context":"https:\/\/schema.org","@graph":[{"@type":"WebPage","@id":"https:\/\/jrsport.com.br\/en\/daniel-araujo\/","url":"https:\/\/jrsport.com.br\/en\/daniel-araujo\/","name":"Daniel Ara\u00fajo - JR Sport","isPartOf":{"@id":"https:\/\/jrsport.com.br\/#website"},"primaryImageOfPage":{"@id":"https:\/\/jrsport.com.br\/en\/daniel-araujo\/#primaryimage"},"image":{"@id":"https:\/\/jrsport.com.br\/en\/daniel-araujo\/#primaryimage"},"thumbnailUrl":"http:\/\/jrsport.com.br\/wp-content\/uploads\/2025\/11\/WhatsApp-Image-2025-08-28-at-13.04.42-200x300.jpeg","datePublished":"2024-09-27T20:03:41+00:00","dateModified":"2025-11-09T23:04:27+00:00","breadcrumb":{"@id":"https:\/\/jrsport.com.br\/en\/daniel-araujo\/#breadcrumb"},"inLanguage":"en-US","potentialAction":[{"@type":"ReadAction","target":["https:\/\/jrsport.com.br\/en\/daniel-araujo\/"]}]},{"@type":"ImageObject","inLanguage":"en-US","@id":"https:\/\/jrsport.com.br\/en\/daniel-araujo\/#primaryimage","url":"http:\/\/jrsport.com.br\/wp-content\/uploads\/2025\/11\/WhatsApp-Image-2025-08-28-at-13.04.42-200x300.jpeg","contentUrl":"http:\/\/jrsport.com.br\/wp-content\/uploads\/2025\/11\/WhatsApp-Image-2025-08-28-at-13.04.42-200x300.jpeg"},{"@type":"BreadcrumbList","@id":"https:\/\/jrsport.com.br\/en\/daniel-araujo\/#breadcrumb","itemListElement":[{"@type":"ListItem","position":1,"name":"In\u00edcio","item":"https:\/\/jrsport.com.br\/en\/"},{"@type":"ListItem","position":2,"name":"Daniel Ara\u00fajo"}]},{"@type":"WebSite","@id":"https:\/\/jrsport.com.br\/#website","url":"https:\/\/jrsport.com.br\/","name":"JR Sport","description":"Management","publisher":{"@id":"https:\/\/jrsport.com.br\/#organization"},"potentialAction":[{"@type":"SearchAction","target":{"@type":"EntryPoint","urlTemplate":"https:\/\/jrsport.com.br\/?s={search_term_string}"},"query-input":{"@type":"PropertyValueSpecification","valueRequired":true,"valueName":"search_term_string"}}],"inLanguage":"en-US"},{"@type":"Organization","@id":"https:\/\/jrsport.com.br\/#organization","name":"JR Sport","url":"https:\/\/jrsport.com.br\/","logo":{"@type":"ImageObject","inLanguage":"en-US","@id":"https:\/\/jrsport.com.br\/#\/schema\/logo\/image\/","url":"https:\/\/jrsport.com.br\/wp-content\/uploads\/2020\/07\/contorno-preto.png","contentUrl":"https:\/\/jrsport.com.br\/wp-content\/uploads\/2020\/07\/contorno-preto.png","width":2064,"height":648,"caption":"JR Sport"},"image":{"@id":"https:\/\/jrsport.com.br\/#\/schema\/logo\/image\/"},"sameAs":["https:\/\/www.facebook.com\/jrsportjr\/","https:\/\/x.com\/JRSportJR","https:\/\/www.instagram.com\/jrsport_\/","https:\/\/www.youtube.com\/jrsportjr"]}]}},"_links":{"self":[{"href":"https:\/\/jrsport.com.br\/en\/wp-json\/wp\/v2\/pages\/11052","targetHints":{"allow":["GET"]}}],"collection":[{"href":"https:\/\/jrsport.com.br\/en\/wp-json\/wp\/v2\/pages"}],"about":[{"href":"https:\/\/jrsport.com.br\/en\/wp-json\/wp\/v2\/types\/page"}],"author":[{"embeddable":true,"href":"https:\/\/jrsport.com.br\/en\/wp-json\/wp\/v2\/users\/1"}],"replies":[{"embeddable":true,"href":"https:\/\/jrsport.com.br\/en\/wp-json\/wp\/v2\/comments?post=11052"}],"version-history":[{"count":12,"href":"https:\/\/jrsport.com.br\/en\/wp-json\/wp\/v2\/pages\/11052\/revisions"}],"predecessor-version":[{"id":11578,"href":"https:\/\/jrsport.com.br\/en\/wp-json\/wp\/v2\/pages\/11052\/revisions\/11578"}],"wp:attachment":[{"href":"https:\/\/jrsport.com.br\/en\/wp-json\/wp\/v2\/media?parent=11052"}],"curies":[{"name":"wp","href":"https:\/\/api.w.org\/{rel}","templated":true}]}}